{"id":1021,"date":"2020-04-19T09:49:59","date_gmt":"2020-04-19T09:49:59","guid":{"rendered":"https:\/\/brandschutztuer.lu\/?page_id=1021"},"modified":"2022-07-19T08:58:11","modified_gmt":"2022-07-19T08:58:11","slug":"home","status":"publish","type":"page","link":"https:\/\/brandschutztuer.lu\/fr\/","title":{"rendered":"Home"},"content":{"rendered":"\t\t<div data-elementor-type=\"wp-page\" data-elementor-id=\"1021\" class=\"elementor elementor-1021\">\n\t\t\t\t\t\t<section class=\"elementor-section elementor-top-section elementor-element elementor-element-0abc734 elementor-section-boxed elementor-section-height-default elementor-section-height-default\" data-id=\"0abc734\" data-element_type=\"section\" id=\"home\" data-settings=\"{&quot;jet_parallax_layout_list&quot;:[],&quot;background_background&quot;:&quot;classic&quot;}\">\n\t\t\t\t\t\t<div class=\"elementor-container elementor-column-gap-default\">\n\t\t\t\t\t<div class=\"elementor-column elementor-col-66 elementor-top-column elementor-element elementor-element-2b600d2\" data-id=\"2b600d2\" data-element_type=\"column\">\n\t\t\t<div class=\"elementor-widget-wrap elementor-element-populated\">\n\t\t\t\t\t\t<div class=\"elementor-element elementor-element-d095a36 elementor-widget elementor-widget-spacer\" data-id=\"d095a36\" data-element_type=\"widget\" data-widget_type=\"spacer.default\">\n\t\t\t\t<div class=\"elementor-widget-container\">\n\t\t\t\t\t<div class=\"elementor-spacer\">\n\t\t\t<div class=\"elementor-spacer-inner\"><\/div>\n\t\t<\/div>\n\t\t\t\t<\/div>\n\t\t\t\t<\/div>\n\t\t\t\t<div class=\"elementor-element elementor-element-3232bca elementor-widget elementor-widget-text-editor\" data-id=\"3232bca\" data-element_type=\"widget\" data-widget_type=\"text-editor.default\">\n\t\t\t\t<div class=\"elementor-widget-container\">\n\t\t\t\t\t\t\t<p>&gt; Portes coupe-feu<\/p>\t\t\t\t\t\t<\/div>\n\t\t\t\t<\/div>\n\t\t\t\t<div class=\"elementor-element elementor-element-5739871 elementor-widget elementor-widget-jet-animated-text\" data-id=\"5739871\" data-element_type=\"widget\" data-widget_type=\"jet-animated-text.default\">\n\t\t\t\t<div class=\"elementor-widget-container\">\n\t\t\t<div class=\"elementor-jet-animated-text jet-elements\">\n<div class=\"jet-animated-text jet-animated-text--effect-fx6\" data-settings='{&quot;effect&quot;:&quot;fx6&quot;,&quot;delay&quot;:3000}'>\n\t<div class=\"jet-animated-text__before-text\">\n\t<span>La<\/span>&nbsp;<span>confiance,<\/span>&nbsp;<span>c'est<\/span>&nbsp;<span>bien<\/span>&nbsp;<\/div>\n\t<div class=\"jet-animated-text__animated-text\">\n<div class=\"jet-animated-text__animated-text-item active visible\" dir=\"ltr\">\n\t<span>L<\/span><span>a<\/span><span>&nbsp;<\/span><span>m<\/span><span>a<\/span><span>i<\/span><span>n<\/span><span>t<\/span><span>e<\/span><span>n<\/span><span>a<\/span><span>n<\/span><span>c<\/span><span>e<\/span>&nbsp;<\/div>\n<\/div>\t<div class=\"jet-animated-text__after-text\">\n\t<span>c'est<\/span>&nbsp;<span>mieux.<\/span><\/div><\/div><\/div>\t\t<\/div>\n\t\t\t\t<\/div>\n\t\t\t\t<div class=\"elementor-element elementor-element-6387fc9 elementor-widget elementor-widget-spacer\" data-id=\"6387fc9\" data-element_type=\"widget\" data-widget_type=\"spacer.default\">\n\t\t\t\t<div class=\"elementor-widget-container\">\n\t\t\t\t\t<div class=\"elementor-spacer\">\n\t\t\t<div class=\"elementor-spacer-inner\"><\/div>\n\t\t<\/div>\n\t\t\t\t<\/div>\n\t\t\t\t<\/div>\n\t\t\t\t\t<\/div>\n\t\t<\/div>\n\t\t\t\t<div class=\"elementor-column elementor-col-33 elementor-top-column elementor-element elementor-element-5d4cc0f\" data-id=\"5d4cc0f\" data-element_type=\"column\">\n\t\t\t<div class=\"elementor-widget-wrap\">\n\t\t\t\t\t\t\t<\/div>\n\t\t<\/div>\n\t\t\t\t\t<\/div>\n\t\t<\/section>\n\t\t\t\t<section class=\"elementor-section elementor-top-section elementor-element elementor-element-921de70 elementor-section-full_width elementor-section-height-default elementor-section-height-default\" data-id=\"921de70\" data-element_type=\"section\" id=\"apropos\" data-settings=\"{&quot;jet_parallax_layout_list&quot;:[],&quot;background_background&quot;:&quot;classic&quot;}\">\n\t\t\t\t\t\t<div class=\"elementor-container elementor-column-gap-default\">\n\t\t\t\t\t<div class=\"elementor-column elementor-col-100 elementor-top-column elementor-element elementor-element-e3a7347\" data-id=\"e3a7347\" data-element_type=\"column\">\n\t\t\t<div class=\"elementor-widget-wrap elementor-element-populated\">\n\t\t\t\t\t\t<div class=\"elementor-element elementor-element-4ce4cc2 elementor-widget elementor-widget-text-editor\" data-id=\"4ce4cc2\" data-element_type=\"widget\" data-widget_type=\"text-editor.default\">\n\t\t\t\t<div class=\"elementor-widget-container\">\n\t\t\t\t\t\t\t<p class=\"p2\">En tant qu\u2019entreprise certifi\u00e9e, <br \/>la soci\u00e9t\u00e9 <span class=\"s2\" style=\"color: #c51625;\">BPM-Lux <\/span>offre le <span style=\"color: #c51625;\">paquet de services complet<\/span> <br \/>en mati\u00e8re de portes coupe-feu:<\/p>\t\t\t\t\t\t<\/div>\n\t\t\t\t<\/div>\n\t\t\t\t<section class=\"elementor-section elementor-inner-section elementor-element elementor-element-e20e3c2 elementor-section-boxed elementor-section-height-default elementor-section-height-default\" data-id=\"e20e3c2\" data-element_type=\"section\" data-settings=\"{&quot;jet_parallax_layout_list&quot;:[]}\">\n\t\t\t\t\t\t<div class=\"elementor-container elementor-column-gap-default\">\n\t\t\t\t\t<div class=\"elementor-column elementor-col-50 elementor-inner-column elementor-element elementor-element-fc616ca\" data-id=\"fc616ca\" data-element_type=\"column\">\n\t\t\t<div class=\"elementor-widget-wrap elementor-element-populated\">\n\t\t\t\t\t\t<div class=\"elementor-element elementor-element-17cf3c1 elementor-widget elementor-widget-image\" data-id=\"17cf3c1\" data-element_type=\"widget\" data-widget_type=\"image.default\">\n\t\t\t\t<div class=\"elementor-widget-container\">\n\t\t\t\t\t\t\t\t\t\t\t\t\t<img decoding=\"async\" width=\"100\" height=\"100\" src=\"https:\/\/brandschutztuer.lu\/wp-content\/uploads\/2022\/07\/BPM-icon-konformitaetsbewertung-1.png\" class=\"attachment-large size-large wp-image-487\" alt=\"\" \/>\t\t\t\t\t\t\t\t\t\t\t\t\t<\/div>\n\t\t\t\t<\/div>\n\t\t\t\t<div class=\"elementor-element elementor-element-37fff3b elementor-widget elementor-widget-text-editor\" data-id=\"37fff3b\" data-element_type=\"widget\" data-widget_type=\"text-editor.default\">\n\t\t\t\t<div class=\"elementor-widget-container\">\n\t\t\t\t\t\t\t<p class=\"p2\"><span style=\"color: #e10202;\">Evaluation de la conformit\u00e9<br \/><\/span>selon les directives du fabricant<\/p>\t\t\t\t\t\t<\/div>\n\t\t\t\t<\/div>\n\t\t\t\t\t<\/div>\n\t\t<\/div>\n\t\t\t\t<div class=\"elementor-column elementor-col-50 elementor-inner-column elementor-element elementor-element-1b1d9f0\" data-id=\"1b1d9f0\" data-element_type=\"column\">\n\t\t\t<div class=\"elementor-widget-wrap elementor-element-populated\">\n\t\t\t\t\t\t<div class=\"elementor-element elementor-element-c1a84ce elementor-widget elementor-widget-image\" data-id=\"c1a84ce\" data-element_type=\"widget\" data-widget_type=\"image.default\">\n\t\t\t\t<div class=\"elementor-widget-container\">\n\t\t\t\t\t\t\t\t\t\t\t\t\t<img decoding=\"async\" width=\"100\" height=\"100\" src=\"https:\/\/brandschutztuer.lu\/wp-content\/uploads\/2022\/07\/BPM-icon-instandssetzung.png\" class=\"attachment-large size-large wp-image-483\" alt=\"\" \/>\t\t\t\t\t\t\t\t\t\t\t\t\t<\/div>\n\t\t\t\t<\/div>\n\t\t\t\t<div class=\"elementor-element elementor-element-14667f9 elementor-widget elementor-widget-text-editor\" data-id=\"14667f9\" data-element_type=\"widget\" data-widget_type=\"text-editor.default\">\n\t\t\t\t<div class=\"elementor-widget-container\">\n\t\t\t\t\t\t\t<p class=\"p2\"><span style=\"color: #e10202;\">Maintenance et r\u00e9paration<br \/><\/span> par du personnel qualifi\u00e9<\/p>\t\t\t\t\t\t<\/div>\n\t\t\t\t<\/div>\n\t\t\t\t\t<\/div>\n\t\t<\/div>\n\t\t\t\t\t<\/div>\n\t\t<\/section>\n\t\t\t\t\t<\/div>\n\t\t<\/div>\n\t\t\t\t\t<\/div>\n\t\t<\/section>\n\t\t\t\t<section class=\"elementor-section elementor-top-section elementor-element elementor-element-e3a3078 elementor-section-boxed elementor-section-height-default elementor-section-height-default\" data-id=\"e3a3078\" data-element_type=\"section\" id=\"pourqoui\" data-settings=\"{&quot;jet_parallax_layout_list&quot;:[]}\">\n\t\t\t\t\t\t<div class=\"elementor-container elementor-column-gap-default\">\n\t\t\t\t\t<div class=\"elementor-column elementor-col-50 elementor-top-column elementor-element elementor-element-4e95939\" data-id=\"4e95939\" data-element_type=\"column\">\n\t\t\t<div class=\"elementor-widget-wrap elementor-element-populated\">\n\t\t\t\t\t\t<div class=\"elementor-element elementor-element-337c21d elementor-widget elementor-widget-text-editor\" data-id=\"337c21d\" data-element_type=\"widget\" data-widget_type=\"text-editor.default\">\n\t\t\t\t<div class=\"elementor-widget-container\">\n\t\t\t\t\t\t\t1 &gt; Reconna\u00eetre les dangers\t\t\t\t\t\t<\/div>\n\t\t\t\t<\/div>\n\t\t\t\t<div class=\"elementor-element elementor-element-fb4c399 elementor-widget elementor-widget-jet-animated-text\" data-id=\"fb4c399\" data-element_type=\"widget\" data-widget_type=\"jet-animated-text.default\">\n\t\t\t\t<div class=\"elementor-widget-container\">\n\t\t\t<div class=\"elementor-jet-animated-text jet-elements\">\n<div class=\"jet-animated-text jet-animated-text--effect-fx6\" data-settings='{&quot;effect&quot;:&quot;fx6&quot;,&quot;delay&quot;:3000}'>\n\t<div class=\"jet-animated-text__before-text\">\n\t<span>Le<\/span>&nbsp;<span>feu<\/span>&nbsp;<span>ne<\/span>&nbsp;<span>pardonne<\/span>&nbsp;<\/div>\n\t<div class=\"jet-animated-text__animated-text\">\n<div class=\"jet-animated-text__animated-text-item active visible\" dir=\"ltr\">\n\t<span>A<\/span><span>U<\/span><span>C<\/span><span>U<\/span><span>N<\/span><span>E<\/span>&nbsp;<\/div>\n<\/div>\t<div class=\"jet-animated-text__after-text\">\n\t<span>erreur.<\/span><\/div><\/div><\/div>\t\t<\/div>\n\t\t\t\t<\/div>\n\t\t\t\t<div class=\"elementor-element elementor-element-6071c47 elementor-widget elementor-widget-text-editor\" data-id=\"6071c47\" data-element_type=\"widget\" data-widget_type=\"text-editor.default\">\n\t\t\t\t<div class=\"elementor-widget-container\">\n\t\t\t\t\t\t\t<p class=\"p2\">Le bon fonctionnement des portes et portails coupe-feu est la <b>responsabilit\u00e9 de l\u2019op\u00e9rateur<\/b>.<\/p><p class=\"p2\">Le feu ne pardonne aucune erreur. M\u00eame pas la moindre. Une petite n\u00e9gligence dans la protection anti-feu peut avoir des cons\u00e9quences n\u00e9fastes en cas d\u2019incendie.<\/p><p class=\"p3\">Ne vous croyez pas en s\u00e9curit\u00e9 : Le <b>contr\u00f4le annuel <\/b>par un organe de contr\u00f4le reconnu tel que Luxcontrol, Vincotte ou autre est insuffisant et <b>ne remplace pas la maintenance <\/b>!<\/p>\t\t\t\t\t\t<\/div>\n\t\t\t\t<\/div>\n\t\t\t\t\t<\/div>\n\t\t<\/div>\n\t\t\t\t<div class=\"elementor-column elementor-col-50 elementor-top-column elementor-element elementor-element-6d57f58\" data-id=\"6d57f58\" data-element_type=\"column\" data-settings=\"{&quot;background_background&quot;:&quot;classic&quot;}\">\n\t\t\t<div class=\"elementor-widget-wrap elementor-element-populated\">\n\t\t\t\t\t\t<div class=\"elementor-element elementor-element-2eef453 elementor-widget elementor-widget-image\" data-id=\"2eef453\" data-element_type=\"widget\" data-widget_type=\"image.default\">\n\t\t\t\t<div class=\"elementor-widget-container\">\n\t\t\t\t\t\t\t\t\t\t\t\t\t<img fetchpriority=\"high\" decoding=\"async\" width=\"578\" height=\"800\" src=\"https:\/\/brandschutztuer.lu\/wp-content\/uploads\/2022\/07\/BPM-Exit-background-crp.jpg\" class=\"attachment-large size-large wp-image-507\" alt=\"\" srcset=\"https:\/\/brandschutztuer.lu\/wp-content\/uploads\/2022\/07\/BPM-Exit-background-crp.jpg 578w, https:\/\/brandschutztuer.lu\/wp-content\/uploads\/2022\/07\/BPM-Exit-background-crp-217x300.jpg 217w\" sizes=\"(max-width: 578px) 100vw, 578px\" \/>\t\t\t\t\t\t\t\t\t\t\t\t\t<\/div>\n\t\t\t\t<\/div>\n\t\t\t\t\t<\/div>\n\t\t<\/div>\n\t\t\t\t\t<\/div>\n\t\t<\/section>\n\t\t\t\t<section class=\"elementor-section elementor-top-section elementor-element elementor-element-5d706da elementor-section-boxed elementor-section-height-default elementor-section-height-default\" data-id=\"5d706da\" data-element_type=\"section\" data-settings=\"{&quot;jet_parallax_layout_list&quot;:[]}\">\n\t\t\t\t\t\t<div class=\"elementor-container elementor-column-gap-default\">\n\t\t\t\t\t<div class=\"elementor-column elementor-col-50 elementor-top-column elementor-element elementor-element-19a5095\" data-id=\"19a5095\" data-element_type=\"column\">\n\t\t\t<div class=\"elementor-widget-wrap elementor-element-populated\">\n\t\t\t\t\t\t<div class=\"elementor-element elementor-element-4bda981 elementor-widget elementor-widget-text-editor\" data-id=\"4bda981\" data-element_type=\"widget\" data-widget_type=\"text-editor.default\">\n\t\t\t\t<div class=\"elementor-widget-container\">\n\t\t\t\t\t\t\t<p>2 &gt; Pr\u00e9venir<\/p>\t\t\t\t\t\t<\/div>\n\t\t\t\t<\/div>\n\t\t\t\t<div class=\"elementor-element elementor-element-6b04107 elementor-widget elementor-widget-text-editor\" data-id=\"6b04107\" data-element_type=\"widget\" data-widget_type=\"text-editor.default\">\n\t\t\t\t<div class=\"elementor-widget-container\">\n\t\t\t\t\t\t\t<p class=\"p2\">Afin de garantir la validit\u00e9 du certificat coupe-feu ainsi que le fonctionnement de la porte coupe-feu, une <b>maintenance annuelle ou semestrielle <\/b>par un sp\u00e9cialiste est <b>prescrite <\/b>par la loi luxembourgeoise et les fabricants de portes coupe-feu.<\/p>\t\t\t\t\t\t<\/div>\n\t\t\t\t<\/div>\n\t\t\t\t\t<\/div>\n\t\t<\/div>\n\t\t\t\t<div class=\"elementor-column elementor-col-50 elementor-top-column elementor-element elementor-element-1464296\" data-id=\"1464296\" data-element_type=\"column\" data-settings=\"{&quot;background_background&quot;:&quot;classic&quot;}\">\n\t\t\t<div class=\"elementor-widget-wrap elementor-element-populated\">\n\t\t\t\t\t\t<div class=\"elementor-element elementor-element-a4b3354 elementor-widget elementor-widget-text-editor\" data-id=\"a4b3354\" data-element_type=\"widget\" data-widget_type=\"text-editor.default\">\n\t\t\t\t<div class=\"elementor-widget-container\">\n\t\t\t\t\t\t\t<p>3 &gt; \u00c9viter les co\u00fbts<\/p>\t\t\t\t\t\t<\/div>\n\t\t\t\t<\/div>\n\t\t\t\t<div class=\"elementor-element elementor-element-8789d5d elementor-widget elementor-widget-text-editor\" data-id=\"8789d5d\" data-element_type=\"widget\" data-widget_type=\"text-editor.default\">\n\t\t\t\t<div class=\"elementor-widget-container\">\n\t\t\t\t\t\t\t<p class=\"p2\">Une <b>maintenance <\/b>des fermetures coupe-feu ax\u00e9e sur la qualit\u00e9 ne sert pas que \u00e0 la s\u00e9curit\u00e9, elle <b>\u00e9pargne aussi de l\u2019argent <\/b>: Une d\u00e9tection et correction d\u2019erreurs \u00e0 temps \u00e9vite des r\u00e9parations parfois co\u00fbteuses.<\/p>\t\t\t\t\t\t<\/div>\n\t\t\t\t<\/div>\n\t\t\t\t\t<\/div>\n\t\t<\/div>\n\t\t\t\t\t<\/div>\n\t\t<\/section>\n\t\t\t\t<section class=\"elementor-section elementor-top-section elementor-element elementor-element-45bddf7 elementor-section-full_width elementor-section-height-default elementor-section-height-default\" data-id=\"45bddf7\" data-element_type=\"section\" id=\"servicefr\" data-settings=\"{&quot;jet_parallax_layout_list&quot;:[],&quot;background_background&quot;:&quot;classic&quot;}\">\n\t\t\t\t\t\t<div class=\"elementor-container elementor-column-gap-default\">\n\t\t\t\t\t<div class=\"elementor-column elementor-col-100 elementor-top-column elementor-element elementor-element-86376f5\" data-id=\"86376f5\" data-element_type=\"column\">\n\t\t\t<div class=\"elementor-widget-wrap elementor-element-populated\">\n\t\t\t\t\t\t<div class=\"elementor-element elementor-element-d8d1413 elementor-widget elementor-widget-spacer\" data-id=\"d8d1413\" data-element_type=\"widget\" data-widget_type=\"spacer.default\">\n\t\t\t\t<div class=\"elementor-widget-container\">\n\t\t\t\t\t<div class=\"elementor-spacer\">\n\t\t\t<div class=\"elementor-spacer-inner\"><\/div>\n\t\t<\/div>\n\t\t\t\t<\/div>\n\t\t\t\t<\/div>\n\t\t\t\t<section class=\"elementor-section elementor-inner-section elementor-element elementor-element-d306c29 elementor-section-boxed elementor-section-height-default elementor-section-height-default\" data-id=\"d306c29\" data-element_type=\"section\" data-settings=\"{&quot;jet_parallax_layout_list&quot;:[]}\">\n\t\t\t\t\t\t<div class=\"elementor-container elementor-column-gap-default\">\n\t\t\t\t\t<div class=\"elementor-column elementor-col-33 elementor-inner-column elementor-element elementor-element-90a064a\" data-id=\"90a064a\" data-element_type=\"column\">\n\t\t\t<div class=\"elementor-widget-wrap elementor-element-populated\">\n\t\t\t\t\t\t<div class=\"elementor-element elementor-element-ffed20c elementor-widget elementor-widget-image\" data-id=\"ffed20c\" data-element_type=\"widget\" data-widget_type=\"image.default\">\n\t\t\t\t<div class=\"elementor-widget-container\">\n\t\t\t\t\t\t\t\t\t\t\t\t\t<img loading=\"lazy\" decoding=\"async\" width=\"100\" height=\"100\" src=\"https:\/\/brandschutztuer.lu\/wp-content\/uploads\/2022\/07\/BPM-icon-reparatur.png\" class=\"attachment-large size-large wp-image-541\" alt=\"\" \/>\t\t\t\t\t\t\t\t\t\t\t\t\t<\/div>\n\t\t\t\t<\/div>\n\t\t\t\t<div class=\"elementor-element elementor-element-7a2b8de elementor-widget elementor-widget-text-editor\" data-id=\"7a2b8de\" data-element_type=\"widget\" data-widget_type=\"text-editor.default\">\n\t\t\t\t<div class=\"elementor-widget-container\">\n\t\t\t\t\t\t\t<p class=\"p2\"><span style=\"color: #e10202;\">R\u00e9paration<\/span> professionnelle &amp; placement de pi\u00e8ces d&rsquo;origine<\/p>\t\t\t\t\t\t<\/div>\n\t\t\t\t<\/div>\n\t\t\t\t\t<\/div>\n\t\t<\/div>\n\t\t\t\t<div class=\"elementor-column elementor-col-33 elementor-inner-column elementor-element elementor-element-0b75e79\" data-id=\"0b75e79\" data-element_type=\"column\">\n\t\t\t<div class=\"elementor-widget-wrap elementor-element-populated\">\n\t\t\t\t\t\t<div class=\"elementor-element elementor-element-086bbb0 elementor-widget elementor-widget-image\" data-id=\"086bbb0\" data-element_type=\"widget\" data-widget_type=\"image.default\">\n\t\t\t\t<div class=\"elementor-widget-container\">\n\t\t\t\t\t\t\t\t\t\t\t\t\t<img loading=\"lazy\" decoding=\"async\" width=\"100\" height=\"100\" src=\"https:\/\/brandschutztuer.lu\/wp-content\/uploads\/2022\/07\/BPM-icon-montage.png\" class=\"attachment-large size-large wp-image-542\" alt=\"\" \/>\t\t\t\t\t\t\t\t\t\t\t\t\t<\/div>\n\t\t\t\t<\/div>\n\t\t\t\t<div class=\"elementor-element elementor-element-1245902 elementor-widget elementor-widget-text-editor\" data-id=\"1245902\" data-element_type=\"widget\" data-widget_type=\"text-editor.default\">\n\t\t\t\t<div class=\"elementor-widget-container\">\n\t\t\t\t\t\t\t<p class=\"p2\">Conseil, planification &amp;\u00a0 <span style=\"color: #e10202;\">montage<\/span> comp\u00e9tents de nouvelles installations<\/p>\t\t\t\t\t\t<\/div>\n\t\t\t\t<\/div>\n\t\t\t\t\t<\/div>\n\t\t<\/div>\n\t\t\t\t<div class=\"elementor-column elementor-col-33 elementor-inner-column elementor-element elementor-element-db3fb53\" data-id=\"db3fb53\" data-element_type=\"column\">\n\t\t\t<div class=\"elementor-widget-wrap elementor-element-populated\">\n\t\t\t\t\t\t<div class=\"elementor-element elementor-element-3e57bd0 elementor-widget elementor-widget-image\" data-id=\"3e57bd0\" data-element_type=\"widget\" data-widget_type=\"image.default\">\n\t\t\t\t<div class=\"elementor-widget-container\">\n\t\t\t\t\t\t\t\t\t\t\t\t\t<img loading=\"lazy\" decoding=\"async\" width=\"100\" height=\"100\" src=\"https:\/\/brandschutztuer.lu\/wp-content\/uploads\/2022\/07\/BPM-icon-wartung.png\" class=\"attachment-large size-large wp-image-543\" alt=\"\" \/>\t\t\t\t\t\t\t\t\t\t\t\t\t<\/div>\n\t\t\t\t<\/div>\n\t\t\t\t<div class=\"elementor-element elementor-element-1fd7c85 elementor-widget elementor-widget-text-editor\" data-id=\"1fd7c85\" data-element_type=\"widget\" data-widget_type=\"text-editor.default\">\n\t\t\t\t<div class=\"elementor-widget-container\">\n\t\t\t\t\t\t\t<p class=\"p2\">Sur demande, <span style=\"color: #e10202;\">contrats de maitenance<\/span> \u00e0 intervalle annuel ou semestriel<\/p>\t\t\t\t\t\t<\/div>\n\t\t\t\t<\/div>\n\t\t\t\t\t<\/div>\n\t\t<\/div>\n\t\t\t\t\t<\/div>\n\t\t<\/section>\n\t\t\t\t\t<\/div>\n\t\t<\/div>\n\t\t\t\t\t<\/div>\n\t\t<\/section>\n\t\t\t\t<\/div>\n\t\t","protected":false},"excerpt":{"rendered":"<p>&gt; Portes coupe-feu La&nbsp;confiance,&nbsp;c&rsquo;est&nbsp;bien&nbsp; La&nbsp;maintenance&nbsp; c&rsquo;est&nbsp;mieux. En tant qu\u2019entreprise certifi\u00e9e, la soci\u00e9t\u00e9 BPM-Lux offre le paquet de services complet en mati\u00e8re de portes coupe-feu: Evaluation de la conformit\u00e9selon les directives du fabricant Maintenance et r\u00e9paration par du personnel qualifi\u00e9 1 &gt; Reconna\u00eetre les dangers Le&nbsp;feu&nbsp;ne&nbsp;pardonne&nbsp; AUCUNE&nbsp; erreur. Le bon fonctionnement des portes et portails coupe-feu [&hellip;]<\/p>\n","protected":false},"author":1,"featured_media":0,"parent":0,"menu_order":0,"comment_status":"closed","ping_status":"closed","template":"full-width.php","meta":{"_acf_changed":false,"_monsterinsights_skip_tracking":false,"_monsterinsights_sitenote_active":false,"_monsterinsights_sitenote_note":"","_monsterinsights_sitenote_category":0,"footnotes":""},"class_list":["post-1021","page","type-page","status-publish","hentry"],"acf":[],"aioseo_notices":[],"_links":{"self":[{"href":"https:\/\/brandschutztuer.lu\/fr\/wp-json\/wp\/v2\/pages\/1021","targetHints":{"allow":["GET"]}}],"collection":[{"href":"https:\/\/brandschutztuer.lu\/fr\/wp-json\/wp\/v2\/pages"}],"about":[{"href":"https:\/\/brandschutztuer.lu\/fr\/wp-json\/wp\/v2\/types\/page"}],"author":[{"embeddable":true,"href":"https:\/\/brandschutztuer.lu\/fr\/wp-json\/wp\/v2\/users\/1"}],"replies":[{"embeddable":true,"href":"https:\/\/brandschutztuer.lu\/fr\/wp-json\/wp\/v2\/comments?post=1021"}],"version-history":[{"count":47,"href":"https:\/\/brandschutztuer.lu\/fr\/wp-json\/wp\/v2\/pages\/1021\/revisions"}],"predecessor-version":[{"id":1103,"href":"https:\/\/brandschutztuer.lu\/fr\/wp-json\/wp\/v2\/pages\/1021\/revisions\/1103"}],"wp:attachment":[{"href":"https:\/\/brandschutztuer.lu\/fr\/wp-json\/wp\/v2\/media?parent=1021"}],"curies":[{"name":"wp","href":"https:\/\/api.w.org\/{rel}","templated":true}]}}